{"id":875,"date":"2018-05-24T21:40:57","date_gmt":"2018-05-24T19:40:57","guid":{"rendered":"https:\/\/www.berlin-oder-umfahrt.de\/?page_id=875"},"modified":"2018-06-14T14:33:06","modified_gmt":"2018-06-14T12:33:06","slug":"datenschutz","status":"publish","type":"page","link":"https:\/\/www.berlin-oder-umfahrt.de\/pl\/datenschutz\/","title":{"rendered":"Datenschutz"},"content":{"rendered":"<div class=\"wpb-content-wrapper\"><p>[vc_row][vc_column][vc_custom_heading text=&#8221;Datenschutzerkl\u00e4rung&#8221; font_container=&#8221;tag:h1|text_align:center&#8221; use_theme_fonts=&#8221;yes&#8221;][\/vc_column][\/vc_row][vc_row el_id=&#8221;impressum&#8221;][vc_column][vc_column_text]Der Schutz Ihrer privaten Daten ist f\u00fcr uns sehr wichtig. Daher m\u00f6chten wir Ihnen in unseren Datenschutzbestimmungen genau erkl\u00e4ren, welche Daten wir von Ihnen erheben und wof\u00fcr wir diese Daten ben\u00f6tigen. Au\u00dferdem informieren wir Sie \u00fcber Ihre Rechte als Verbraucher.<\/p>\n<p><strong>Kontaktaufnahme<br \/>\n<\/strong>Sie haben verschiedene M\u00f6glichkeiten aktiv mit uns in Kontakt zu treten. Zum Beispiel k\u00f6nnen Sie \u00a0anrufen, die Formulare auf der Webseite nutzen, uns per Direktnachricht in sozialen Netzwerken kontaktieren, uns eine E-Mail, einen Brief oder ein Fax senden. Je nachdem, f\u00fcr welchen Weg Sie sich entscheiden, m\u00fcssen Sie pers\u00f6nliche Daten angeben oder geben Sie automatisch pers\u00f6nliche Daten preis. Dies betrifft z.B. die Angabe Ihrer Kontaktdaten, damit wir Sie erreichen k\u00f6nnen, sofern es von Ihnen gew\u00fcnscht ist. Dar\u00fcber hinaus sind f\u00fcr die Bearbeitung Ihres Anliegens ggf. weitere Daten erforderlich, wie z.B. die Angabe der Buchungsnummer f\u00fcr Reklamationen. Rechtsgrundlage ist hier Ihre explizite Anfrage und Einwilligung nach Art. 6 (1) a) DS-GVO.<\/p>\n<p>Je nachdem, welches Anliegen Sie haben, werden nur die hierf\u00fcr erforderlichen pers\u00f6nlichen Daten ben\u00f6tigt. Dar\u00fcber hinaus gehende Informationen sind freiwillig und werden entsprechend gekennzeichnet. Eine weitere Verwendung Ihrer Daten (z.B. f\u00fcr den Versand von Newslettern) erfolgt ausschlie\u00dflich durch Ihre explizite Einwilligung f\u00fcr den jeweiligen Zweck. Auch hier bedienen wir uns ggf. einiger Dienstleister, die uns bei der Abwicklung der Prozesse unterst\u00fctzen. Diese Dienstleister erhalten Daten gem\u00e4\u00df Art. 28 DS-GVO nur im notwendigen Umfang und ausschlie\u00dflich im Rahmen des jeweiligen Zwecks. Wir sichern Ihnen zu, dass wir Ihre Daten vor unberechtigtem Zugriff Dritter sch\u00fctzen und zu keinem anderen Zweck nutzen.<\/p>\n<p><strong>Sicherheit bei der Daten\u00fcbertragung<br \/>\n<\/strong>Wir sichern Ihnen zu, dass wir Ihre Daten vor dem unberechtigten Zugriff Dritter sch\u00fctzen. Alle Formulare, in denen Sie pers\u00f6nliche Daten angeben, werden SSL-verschl\u00fcsselt \u00fcbertragen.<strong>\u00a0<\/strong><strong>\u00a0<\/strong><\/p>\n<p><strong>Einsatz von Cookies<br \/>\n<\/strong>Ein Cookie ist ein kleines Informationspaket, das zwischen Ihrem Browser und einer Webseite wie www.berge-meer.de \u00fcbertragen wird. Cookies verursachen keinen Schaden an Computer-Systemen. Cookies k\u00f6nnen vom Webserver, der sie gesetzt hat, ausgelesen, ge\u00e4ndert und auch wieder gel\u00f6scht werden. Sie k\u00f6nnen die Speicherung der Cookies durch eine entsprechende Einstellung Ihrer Browser-Software verhindern, wir weisen Sie jedoch darauf hin, dass Sie gegebenenfalls dann nicht s\u00e4mtliche Funktionen dieser Website vollumf\u00e4nglich nutzen k\u00f6nnen.<\/p>\n<p><strong>Inhalte von Dritten<br \/>\n<\/strong>Wir binden Inhalte von Dritten ein, um Ihnen zus\u00e4tzliche Services und Dienstleistungen im anbieten zu k\u00f6nnen. Wenn Sie diese Angebote nutzen, kommt der Vertrag in der Regel direkt mit dem Dienstleister zustande. Daher geben Sie Ihre Daten direkt bei den entsprechenden Drittseiten ein oder wir \u00fcbermitteln die Daten ohne sie zu speichern. Die folgenden Angebote sind auf unserer Website integriert und wurden so angepasst, dass sie optisch einheitlich wirken.<\/p>\n<p>Im Einzelnen binden wir folgende Inhalte ein:<\/p>\n<p><strong>Google Maps<\/strong> zur Darstellung von Karten<br \/>\n<strong>YouTube<\/strong> zur Videoeinbindung<\/p>\n<p>Diese Inhalte von Dritten sind immer mit einem eigenen Impressum und eigenen Datenschutzhinweisen oder Nutzungsbedingungen versehen, denen Sie durch die Nutzung des Angebots zustimmen. Sie erkl\u00e4ren sich mit der Erfassung, Bearbeitung sowie der Nutzung der automatisch erhobenen oder von Ihnen eingegeben Daten durch den Partner, seinen Vertreter oder Drittanbieter einverstanden. Soweit wir hierbei personenbezogene Daten erheben, geschieht das zum Zwecke der Vermittlung der gew\u00fcnschten Leistung. Rechtsgrundlage ist hier Art. 6 (1) b) DS-GVO.<\/p>\n<p><strong>Internetangebote rund um Facebook &amp; Co.<\/strong><\/p>\n<p>Um unser Internet-Angebot f\u00fcr unsere Kunden attraktiver und benutzerfreundlicher zu machen, arbeiten wir mit ausgew\u00e4hlten Kooperationspartnern (z. B. Facebook) zusammen. Diese Plattformen k\u00f6nnen zeitweise durch sogenannte Plugins eingebunden werden.<\/p>\n<p>Wenn Sie ein Plugin aktivieren, baut Ihr Browser eine direkte Verbindung mit dessen Servern auf. Der Inhalt des Plug-Ins wird vom Kooperationspartner an Ihren Browser \u00fcbermittelt und auf der Internetseite eingebunden. Diese Inhalte werden direkt vom Server des Kooperationspartners geladen. Der Kooperationspartner erf\u00e4hrt dabei Ihre IP-Adresse und weitere ger\u00e4tebezogene Dinge. Diese Informationen werden in die USA \u00fcbermittelt und dort gespeichert. Unter bestimmten Umst\u00e4nden kann der Kooperationspartner hierbei auch ein Cookie auf Ihrem Rechner speichern<\/p>\n<p>Was das genau hei\u00dft erkl\u00e4ren wir am Beispiel von Facebook:<\/p>\n<p>Durch die Aktivierung des Plugins erh\u00e4lt Facebook die Information, dass ein Nutzer mit einer bestimmten IP-Adresse in diesem Moment die Internetseite von Eisenh\u00fcttenstadt besucht. Sind Sie zeitgleich bei Facebook eingeloggt, so kann der Besuch von www.eisenhuettenstadt.de Ihrem Facebook-Konto zugeordnet werden. Den Zweck und den Umfang der Datenerhebung, die weitere Verarbeitung und Nutzung der Daten durch Facebook, sowie Ihre diesbez\u00fcglichen Rechte und Einstellungsm\u00f6glichkeiten zum Schutz Ihrer Privatsph\u00e4re, k\u00f6nnen Sie in den Datenschutzhinweisen von Facebook nachlesen und ver\u00e4ndern.<\/p>\n<p>Unter Umst\u00e4nden werden auf dieser Website auch Kommunikationstools des sozialen Netzwerkes Facebook eingesetzt, insbesondere das Produkt Website Custom Audiences. Dieses Produkt generiert eine nicht-reversible, nicht-personenbezogene Pr\u00fcfsumme (Hash-Wert) aus Ihren Nutzungsdaten, die an Facebook zu Analyse- und Marketingzwecken \u00fcbermittelt werden kann.<\/p>\n<p><strong>Ihre Rechte im \u00dcberblick<\/strong><\/p>\n<p><strong>Wie lange werden meine Daten gespeichert?<br \/>\n<\/strong>Wir speichern Ihre pers\u00f6nlichen Daten nur so lange, wie es f\u00fcr den Zweck, f\u00fcr den sie erhoben wurden, erforderlich ist. Wenn eine Aufbewahrung nicht mehr erforderlich ist, l\u00f6schen wir die Daten, es sei denn, gesetzliche Vorschriften (wie zum Beispiel handels- oder steuerrechtliche Vorschriften) sehen l\u00e4ngere Aufbewahrungsfristen vor.<\/p>\n<p><strong>Welche Rechte habe ich als Nutzer und Kunde? (Auskunft, L\u00f6schung, Widerruf)<br \/>\n<\/strong>Sie haben als Betroffene der Datenverarbeitung verschiedene Rechte nach Art. 15 ff DS-GVO. Sie k\u00f6nnen jederzeit Auskunft verlangen, welche personenbezogenen Daten von Ihnen gespeichert sind.<\/p>\n<p>Sie k\u00f6nnen die Berichtigung oder L\u00f6schung verlangen, sofern dies gesetzlich zul\u00e4ssig und im Rahmen eines bestehenden Vertragsverh\u00e4ltnisses m\u00f6glich ist.<\/p>\n<p>Sie k\u00f6nnen eine Einschr\u00e4nkung der Verarbeitung verlangen, oder der Verarbeitung Ihrer Daten grunds\u00e4tzlich widersprechen. Sofern eine Verarbeitung auf Ihrer Einwilligung beruht, k\u00f6nnen Sie auch diese Einwilligung jederzeit widerrufen, ohne dass die Rechtm\u00e4\u00dfigkeit der bis zum Widerruf erfolgten Bearbeitung ber\u00fchrt wird. Sie haben das Recht auf Daten\u00fcbertragbarkeit. Sie k\u00f6nnen eine Beschwerde bei der Aufsichtsbeh\u00f6rde anbringen.<\/p>\n<p><strong>Wer ist f\u00fcr Datenerhebung und Datenverarbeitung verantwortlich?<br \/>\n<\/strong>Datenschutzbeauftragte der Stadt Eisenh\u00fcttenstadt<br \/>\nChristine Scislo<br \/>\n+49 3364 566 \u2013 237<br \/>\nchristine.scislo@eisenhuettenstadt.de[\/vc_column_text][\/vc_column][\/vc_row]<\/p>\n<\/div>","protected":false},"excerpt":{"rendered":"[vc_row][vc_column][vc_custom_heading text=&#8221;Datenschutzerkl\u00e4rung&#8221; font_container=&#8221;tag:h1|text_align:center&#8221; use_theme_fonts=&#8221;yes&#8221;][\/vc_column][\/vc_row][vc_row el_id=&#8221;impressum&#8221;][vc_column][vc_column_text]Der Schutz Ihrer privaten Daten ist f\u00fcr uns sehr wichtig. Daher m\u00f6chten wir Ihnen in unseren Datenschutzbestimmungen genau erkl\u00e4ren, welche Daten wir von Ihnen erheben und wof\u00fcr wir diese Daten ben\u00f6tigen. Au\u00dferdem informieren wir Sie \u00fcber Ihre Rechte als Verbraucher. Kontaktaufnahme Sie haben verschiedene M\u00f6glichkeiten aktiv mit uns in Kontakt zu&#8230; <a class=\"view-article\" href=\"https:\/\/www.berlin-oder-umfahrt.de\/pl\/datenschutz\/\">View Article<\/a>","protected":false},"author":1,"featured_media":0,"parent":0,"menu_order":0,"comment_status":"closed","ping_status":"closed","template":"","meta":{"_acf_changed":false,"om_disable_all_campaigns":false,"_monsterinsights_skip_tracking":false,"_monsterinsights_sitenote_active":false,"_monsterinsights_sitenote_note":"","_monsterinsights_sitenote_category":0,"_uf_show_specific_survey":0,"_uf_disable_surveys":false,"footnotes":""},"translation":{"provider":"WPGlobus","version":"2.12.2","language":"pl","enabled_languages":["de","en","pl"],"languages":{"de":{"title":true,"content":true,"excerpt":false},"en":{"title":false,"content":false,"excerpt":false},"pl":{"title":false,"content":false,"excerpt":false}}},"acf":[],"aioseo_notices":[],"_links":{"self":[{"href":"https:\/\/www.berlin-oder-umfahrt.de\/pl\/wp-json\/wp\/v2\/pages\/875"}],"collection":[{"href":"https:\/\/www.berlin-oder-umfahrt.de\/pl\/wp-json\/wp\/v2\/pages"}],"about":[{"href":"https:\/\/www.berlin-oder-umfahrt.de\/pl\/wp-json\/wp\/v2\/types\/page"}],"author":[{"embeddable":true,"href":"https:\/\/www.berlin-oder-umfahrt.de\/pl\/wp-json\/wp\/v2\/users\/1"}],"replies":[{"embeddable":true,"href":"https:\/\/www.berlin-oder-umfahrt.de\/pl\/wp-json\/wp\/v2\/comments?post=875"}],"version-history":[{"count":4,"href":"https:\/\/www.berlin-oder-umfahrt.de\/pl\/wp-json\/wp\/v2\/pages\/875\/revisions"}],"predecessor-version":[{"id":900,"href":"https:\/\/www.berlin-oder-umfahrt.de\/pl\/wp-json\/wp\/v2\/pages\/875\/revisions\/900"}],"wp:attachment":[{"href":"https:\/\/www.berlin-oder-umfahrt.de\/pl\/wp-json\/wp\/v2\/media?parent=875"}],"curies":[{"name":"wp","href":"https:\/\/api.w.org\/{rel}","templated":true}]}}