{"id":7,"date":"2017-06-06T16:05:34","date_gmt":"2017-06-06T14:05:34","guid":{"rendered":"https:\/\/www.berlin-oder-umfahrt.de\/cms\/?page_id=7"},"modified":"2018-06-15T09:34:42","modified_gmt":"2018-06-15T07:34:42","slug":"navigieren","status":"publish","type":"page","link":"https:\/\/www.berlin-oder-umfahrt.de\/pl\/navigieren\/","title":{"rendered":"Nawigacja"},"content":{"rendered":"<div class=\"wpb-content-wrapper\"><p>[vc_row][vc_column][vc_custom_heading text=&#8221;Nawigacja&#8221; font_container=&#8221;tag:h1|text_align:center&#8221; use_theme_fonts=&#8221;yes&#8221;][vc_column_text]Poziom wody Odry mo\u017ce przedstawia\u0107 si\u0119 w r\u00f3\u017cnoraki spos\u00f3b poprzez bardzo wysoki w pierwszych miesi\u0105cach roku kalendarzowego do bardzo niskiego po d\u0142u\u017cszym okresie suszy w miesi\u0105cach letnich. Zawahania poziomu wody oraz nurt rzeczny czyni\u0105 Odr\u0119 wyj\u0105tkowo wymagaj\u0105cym akwenem,\u00a0 po kt\u00f3rym \u017cegluj\u0105c wymagane jest do\u015bwiadczenie. Przy brzegu prosz\u0119 zwr\u00f3ci\u0107 uwag\u0119 na tablice rejestracyjne znajduj\u0105ce si\u0119 na rynnie statku.[\/vc_column_text][\/vc_column][\/vc_row]<\/p>\n<\/div>","protected":false},"excerpt":{"rendered":"[vc_row][vc_column][vc_custom_heading text=&#8221;Nawigacja&#8221; font_container=&#8221;tag:h1|text_align:center&#8221; use_theme_fonts=&#8221;yes&#8221;][vc_column_text]Poziom wody Odry mo\u017ce przedstawia\u0107 si\u0119 w r\u00f3\u017cnoraki spos\u00f3b poprzez bardzo wysoki w pierwszych miesi\u0105cach roku kalendarzowego do bardzo niskiego po d\u0142u\u017cszym okresie suszy w miesi\u0105cach letnich. Zawahania poziomu wody oraz nurt rzeczny czyni\u0105 Odr\u0119 wyj\u0105tkowo wymagaj\u0105cym akwenem,\u00a0 po kt\u00f3rym \u017cegluj\u0105c wymagane jest do\u015bwiadczenie. Przy brzegu prosz\u0119 zwr\u00f3ci\u0107 uwag\u0119 na tablice rejestracyjne&#8230; <a class=\"view-article\" href=\"https:\/\/www.berlin-oder-umfahrt.de\/pl\/navigieren\/\">View Article<\/a>","protected":false},"author":1,"featured_media":0,"parent":0,"menu_order":0,"comment_status":"closed","ping_status":"closed","template":"","meta":{"_acf_changed":false,"om_disable_all_campaigns":false,"_monsterinsights_skip_tracking":false,"_monsterinsights_sitenote_active":false,"_monsterinsights_sitenote_note":"","_monsterinsights_sitenote_category":0,"_uf_show_specific_survey":0,"_uf_disable_surveys":false,"footnotes":""},"translation":{"provider":"WPGlobus","version":"2.12.2","language":"pl","enabled_languages":["de","en","pl"],"languages":{"de":{"title":true,"content":true,"excerpt":false},"en":{"title":true,"content":true,"excerpt":false},"pl":{"title":true,"content":true,"excerpt":false}}},"acf":[],"aioseo_notices":[],"_links":{"self":[{"href":"https:\/\/www.berlin-oder-umfahrt.de\/pl\/wp-json\/wp\/v2\/pages\/7"}],"collection":[{"href":"https:\/\/www.berlin-oder-umfahrt.de\/pl\/wp-json\/wp\/v2\/pages"}],"about":[{"href":"https:\/\/www.berlin-oder-umfahrt.de\/pl\/wp-json\/wp\/v2\/types\/page"}],"author":[{"embeddable":true,"href":"https:\/\/www.berlin-oder-umfahrt.de\/pl\/wp-json\/wp\/v2\/users\/1"}],"replies":[{"embeddable":true,"href":"https:\/\/www.berlin-oder-umfahrt.de\/pl\/wp-json\/wp\/v2\/comments?post=7"}],"version-history":[{"count":9,"href":"https:\/\/www.berlin-oder-umfahrt.de\/pl\/wp-json\/wp\/v2\/pages\/7\/revisions"}],"predecessor-version":[{"id":1036,"href":"https:\/\/www.berlin-oder-umfahrt.de\/pl\/wp-json\/wp\/v2\/pages\/7\/revisions\/1036"}],"wp:attachment":[{"href":"https:\/\/www.berlin-oder-umfahrt.de\/pl\/wp-json\/wp\/v2\/media?parent=7"}],"curies":[{"name":"wp","href":"https:\/\/api.w.org\/{rel}","templated":true}]}}