{"id":606,"date":"2018-01-18T15:29:49","date_gmt":"2018-01-18T14:29:49","guid":{"rendered":"https:\/\/www.berlin-oder-umfahrt.de\/?page_id=606"},"modified":"2018-01-25T14:28:53","modified_gmt":"2018-01-25T13:28:53","slug":"impressum","status":"publish","type":"page","link":"https:\/\/www.berlin-oder-umfahrt.de\/pl\/impressum\/","title":{"rendered":"Impressum"},"content":{"rendered":"<div class=\"wpb-content-wrapper\"><p>[vc_row][vc_column][vc_custom_heading text=&#8221;IMPRESSUM&#8221; font_container=&#8221;tag:h1|text_align:center&#8221; use_theme_fonts=&#8221;yes&#8221;][\/vc_column][\/vc_row][vc_row el_id=&#8221;impressum&#8221;][vc_column][vc_custom_heading text=&#8221;Angaben gem\u00e4\u00df \u00a7 5 TMG:&#8221; use_theme_fonts=&#8221;yes&#8221;][vc_column_text]Stadt Eisenh\u00fcttenstadt<br \/>\nZentraler Platz 1<br \/>\n15890 Eisenh\u00fcttenstadt[\/vc_column_text][vc_custom_heading text=&#8221;Vertreten durch:&#8221; use_theme_fonts=&#8221;yes&#8221;][vc_column_text]B\u00fcrgermeister[\/vc_column_text][vc_custom_heading text=&#8221;Kontakt:&#8221; use_theme_fonts=&#8221;yes&#8221;][vc_column_text]Telefon: +49 (0) 3364 566 0<br \/>\nTelefax: +49 (0) 123 44 55 99<br \/>\nE-Mail: <em><a href=\"mailto:berlin-oder-umfahrt@eisenhuettenstadt.de\">berlin-oder-umfahrt@eisenhuettenstadt.de<\/a><\/em>[\/vc_column_text][vc_custom_heading text=&#8221;Verantwortlich f\u00fcr den Inhalt nach \u00a7 55 Abs. 2 RStV:&#8221; use_theme_fonts=&#8221;yes&#8221;][vc_column_text]Stadt Eisenh\u00fcttenstadt<br \/>\nZentraler Platz 1<br \/>\n15890 Eisenh\u00fcttenstadt[\/vc_column_text][vc_custom_heading text=&#8221;Design &amp; Umsetzung&#8221; use_theme_fonts=&#8221;yes&#8221;][vc_column_text]SeiringDesign Werbeagentur GmbH<br \/>\nJosef-Gesing-Str. 10<br \/>\n15234 Frankfurt (Oder)<br \/>\nTelefon: +49 (0) 335 66 595 22<br \/>\nTelefax: +49 (0) 335 66 595 29<br \/>\nE-Mail: <em><a href=\"mailto:agentur@seiring.de\">agentur@seiring.de<\/a><\/em><br \/>\n<a href=\"http:\/\/www.seiring.de\" target=\"_blank\" rel=\"noopener\"><em>www.seiring.de<\/em><\/a>[\/vc_column_text][vc_custom_heading text=&#8221;Streitschlichtung&#8221; use_theme_fonts=&#8221;yes&#8221;][vc_column_text]Wir sind nicht bereit oder verpflichtet, an Streitbeilegungsverfahren vor einer Verbraucherschlichtungsstelle teilzunehmen.[\/vc_column_text][vc_custom_heading text=&#8221;Haftung f\u00fcr Inhalte&#8221; use_theme_fonts=&#8221;yes&#8221;][vc_column_text]Als Diensteanbieter sind wir gem\u00e4\u00df \u00a7 7 Abs.1 TMG f\u00fcr eigene Inhalte auf diesen Seiten nach den allgemeinen Gesetzen verantwortlich. Nach \u00a7\u00a7 8 bis 10 TMG sind wir als Diensteanbieter jedoch nicht verpflichtet, \u00fcbermittelte oder gespeicherte fremde Informationen zu \u00fcberwachen oder nach Umst\u00e4nden zu forschen, die auf eine rechtswidrige T\u00e4tigkeit hinweisen.<br \/>\nVerpflichtungen zur Entfernung oder Sperrung der Nutzung von Informationen nach den allgemeinen Gesetzen bleiben hiervon unber\u00fchrt. Eine diesbez\u00fcgliche Haftung ist jedoch erst ab dem Zeitpunkt der Kenntnis einer konkreten Rechtsverletzung m\u00f6glich. Bei Bekanntwerden von entsprechenden Rechtsverletzungen werden wir diese Inhalte umgehend entfernen.[\/vc_column_text][vc_custom_heading text=&#8221;Haftung f\u00fcr Links&#8221; use_theme_fonts=&#8221;yes&#8221;][vc_column_text]Unser Angebot enth\u00e4lt Links zu externen Webseiten Dritter, auf deren Inhalte wir keinen Einfluss haben. Deshalb k\u00f6nnen wir f\u00fcr diese fremden Inhalte auch keine Gew\u00e4hr \u00fcbernehmen. F\u00fcr die Inhalte der verlinkten Seiten ist stets der jeweilige Anbieter oder Betreiber der Seiten verantwortlich. Die verlinkten Seiten wurden zum Zeitpunkt der Verlinkung auf m\u00f6gliche Rechtsverst\u00f6\u00dfe \u00fcberpr\u00fcft. Rechtswidrige Inhalte waren zum Zeitpunkt der Verlinkung nicht erkennbar.<br \/>\nEine permanente inhaltliche Kontrolle der verlinkten Seiten ist jedoch ohne konkrete Anhaltspunkte einer Rechtsverletzung nicht zumutbar. Bei Bekanntwerden von Rechtsverletzungen werden wir derartige Links umgehend entfernen.[\/vc_column_text][vc_custom_heading text=&#8221;Urheberrecht&#8221; use_theme_fonts=&#8221;yes&#8221;][vc_column_text]Die durch die Seitenbetreiber erstellten Inhalte und Werke auf diesen Seiten unterliegen dem deutschen Urheberrecht. Die Vervielf\u00e4ltigung, Bearbeitung, Verbreitung und jede Art der Verwertung au\u00dferhalb der Grenzen des Urheberrechtes bed\u00fcrfen der schriftlichen Zustimmung des jeweiligen Autors bzw. Erstellers. Downloads und Kopien dieser Seite sind nur f\u00fcr den privaten, nicht kommerziellen Gebrauch gestattet.<br \/>\nSoweit die Inhalte auf dieser Seite nicht vom Betreiber erstellt wurden, werden die Urheberrechte Dritter beachtet. Insbesondere werden Inhalte Dritter als solche gekennzeichnet. Sollten Sie trotzdem auf eine Urheberrechtsverletzung aufmerksam werden, bitten wir um einen entsprechenden Hinweis. Bei Bekanntwerden von Rechtsverletzungen werden wir derartige Inhalte umgehend entfernen.<\/p>\n<p>Quelle: <a href=\"https:\/\/www.e-recht24.de\" target=\"_blank\" rel=\"noopener\">https:\/\/www.e-recht24.de<\/a>[\/vc_column_text][vc_custom_heading text=&#8221;Bildnachweise&#8221; use_theme_fonts=&#8221;yes&#8221;][vc_column_text]Fotolia 51475302 \u00a9 breitengrad66<br \/>\nFotolia 23431537 \u00a9 mirpic<\/p>\n<p>Seenland Oder-Spree e.V.\u00a0\u00a9 Florian L\u00e4ufer, Sandra Ziesig, Katrin Riegel, Tibor Rostek<\/p>\n<p>Stadt Eisenh\u00fcttenstadt\u00a0\u00a9 Michael Reh[\/vc_column_text][\/vc_column][\/vc_row]<\/p>\n<\/div>","protected":false},"excerpt":{"rendered":"[vc_row][vc_column][vc_custom_heading text=&#8221;IMPRESSUM&#8221; font_container=&#8221;tag:h1|text_align:center&#8221; use_theme_fonts=&#8221;yes&#8221;][\/vc_column][\/vc_row][vc_row el_id=&#8221;impressum&#8221;][vc_column][vc_custom_heading text=&#8221;Angaben gem\u00e4\u00df \u00a7 5 TMG:&#8221; use_theme_fonts=&#8221;yes&#8221;][vc_column_text]Stadt Eisenh\u00fcttenstadt Zentraler Platz 1 15890 Eisenh\u00fcttenstadt[\/vc_column_text][vc_custom_heading text=&#8221;Vertreten durch:&#8221; use_theme_fonts=&#8221;yes&#8221;][vc_column_text]B\u00fcrgermeister[\/vc_column_text][vc_custom_heading text=&#8221;Kontakt:&#8221; use_theme_fonts=&#8221;yes&#8221;][vc_column_text]Telefon: +49 (0) 3364 566 0 Telefax: +49 (0) 123 44 55 99 E-Mail: berlin-oder-umfahrt@eisenhuettenstadt.de[\/vc_column_text][vc_custom_heading text=&#8221;Verantwortlich f\u00fcr den Inhalt nach \u00a7 55 Abs. 2 RStV:&#8221; use_theme_fonts=&#8221;yes&#8221;][vc_column_text]Stadt Eisenh\u00fcttenstadt Zentraler Platz 1 15890 Eisenh\u00fcttenstadt[\/vc_column_text][vc_custom_heading text=&#8221;Design &amp;&#8230; <a class=\"view-article\" href=\"https:\/\/www.berlin-oder-umfahrt.de\/pl\/impressum\/\">View Article<\/a>","protected":false},"author":1,"featured_media":0,"parent":0,"menu_order":0,"comment_status":"closed","ping_status":"closed","template":"","meta":{"_acf_changed":false,"om_disable_all_campaigns":false,"_monsterinsights_skip_tracking":false,"_monsterinsights_sitenote_active":false,"_monsterinsights_sitenote_note":"","_monsterinsights_sitenote_category":0,"_uf_show_specific_survey":0,"_uf_disable_surveys":false,"footnotes":""},"translation":{"provider":"WPGlobus","version":"2.12.2","language":"pl","enabled_languages":["de","en","pl"],"languages":{"de":{"title":true,"content":true,"excerpt":false},"en":{"title":false,"content":false,"excerpt":false},"pl":{"title":false,"content":false,"excerpt":false}}},"acf":[],"aioseo_notices":[],"_links":{"self":[{"href":"https:\/\/www.berlin-oder-umfahrt.de\/pl\/wp-json\/wp\/v2\/pages\/606"}],"collection":[{"href":"https:\/\/www.berlin-oder-umfahrt.de\/pl\/wp-json\/wp\/v2\/pages"}],"about":[{"href":"https:\/\/www.berlin-oder-umfahrt.de\/pl\/wp-json\/wp\/v2\/types\/page"}],"author":[{"embeddable":true,"href":"https:\/\/www.berlin-oder-umfahrt.de\/pl\/wp-json\/wp\/v2\/users\/1"}],"replies":[{"embeddable":true,"href":"https:\/\/www.berlin-oder-umfahrt.de\/pl\/wp-json\/wp\/v2\/comments?post=606"}],"version-history":[{"count":10,"href":"https:\/\/www.berlin-oder-umfahrt.de\/pl\/wp-json\/wp\/v2\/pages\/606\/revisions"}],"predecessor-version":[{"id":609,"href":"https:\/\/www.berlin-oder-umfahrt.de\/pl\/wp-json\/wp\/v2\/pages\/606\/revisions\/609"}],"wp:attachment":[{"href":"https:\/\/www.berlin-oder-umfahrt.de\/pl\/wp-json\/wp\/v2\/media?parent=606"}],"curies":[{"name":"wp","href":"https:\/\/api.w.org\/{rel}","templated":true}]}}