{"id":5,"date":"2017-06-06T16:05:12","date_gmt":"2017-06-06T14:05:12","guid":{"rendered":"https:\/\/www.berlin-oder-umfahrt.de\/cms\/?page_id=5"},"modified":"2018-06-26T12:19:03","modified_gmt":"2018-06-26T10:19:03","slug":"die-tour","status":"publish","type":"page","link":"https:\/\/www.berlin-oder-umfahrt.de\/pl\/","title":{"rendered":"Wycieczka"},"content":{"rendered":"<div class=\"wpb-content-wrapper\"><p>[vc_row][vc_column][vc_custom_heading text=&#8221;Wyprawe Berlin-Odra&#8221; font_container=&#8221;tag:h1|text_align:center&#8221; use_theme_fonts=&#8221;yes&#8221;][vc_custom_heading text=&#8221;Na 340 km relaksuj\u0105ca wycieczka po wschodniej Brandenburgii i Berlinie&#8221; font_container=&#8221;tag:h6|text_align:center&#8221; use_theme_fonts=&#8221;yes&#8221;][vc_column_text]Ci, kt\u00f3rzy chc\u0105 pozna\u0107 nietkni\u0119t\u0105 i spokojn\u0105 przyrod\u0119, z dala od ruchliwych \u015br\u00f3dl\u0105dowych dr\u00f3g wodnych Niemiec, a kt\u00f3rzy doskonale ju\u017c maj\u0105 do\u015bwiadczenie w \u017ceglarstwie, znajd\u0105 dok\u0142adnie to, czego szukaj\u0105 podczas wypraw\u0119 Berlin-Odra.<\/p>\n<p>Charakter wyprawy, mieszanka wielkomiejskiego Berlina oraz w du\u017cej mierze spokojnego oraz dziewiczego pejza\u017cu rzecznego, polscy s\u0105si\u0119dzi po wschodniej stronie Odry, imponuj\u0105ce zabytki historii przyemys\u0142u tj.: podno\u015bnia statk\u00f3w Niederfinow (\u015bluza windowa na kanale Odra-Hawela), a tak\u017ce kana\u0142 Finow, najstarszy w Niemczech nadal \u017ceglowny oraz wiele atrakcyjnych s\u0105siaduj\u0105cych miejscowo\u015bci takich jak: F\u00fcrstenwalde, Eisenh\u00fcttenstadt, Frankfurt (Oder), Eberswalde i Oranienburg. Wszystko to czyni wypraw\u0119 Berlin-Odra wyj\u0105tkow\u0105 przygod\u0105 \u017ceglarsk\u0105 zapraszaj\u0105c do zej\u015bcia na l\u0105d i zwiedzania. Jeszcze jedno charakteryzuje nasz op\u0142yw: liczne mo\u017cliwo\u015bci objazd\u00f3w po s\u0105siednich akwenach (patrz \u00e0 mapa). Do tego jeszcze liczne \u015bcie\u017cki rowerowe wok\u00f3\u0142 trasy op\u0142ywu, idealne dla rowerowych wycieczech zapoznawczych. <a href=\"https:\/\/www.berlin-oder-umfahrt.de\/pl\/mieten\/fahrradverleih\/\">Pod tym linkiem<\/a> znajd\u0105 pa\u0144stwo mo\u017cliwo\u015bci wypo\u017cyczenia rower\u00f3w.[\/vc_column_text][\/vc_column][\/vc_row]<\/p>\n<\/div>","protected":false},"excerpt":{"rendered":"[vc_row][vc_column][vc_custom_heading text=&#8221;Wyprawe Berlin-Odra&#8221; font_container=&#8221;tag:h1|text_align:center&#8221; use_theme_fonts=&#8221;yes&#8221;][vc_custom_heading text=&#8221;Na 340 km relaksuj\u0105ca wycieczka po wschodniej Brandenburgii i Berlinie&#8221; font_container=&#8221;tag:h6|text_align:center&#8221; use_theme_fonts=&#8221;yes&#8221;][vc_column_text]Ci, kt\u00f3rzy chc\u0105 pozna\u0107 nietkni\u0119t\u0105 i spokojn\u0105 przyrod\u0119, z dala od ruchliwych \u015br\u00f3dl\u0105dowych dr\u00f3g wodnych Niemiec, a kt\u00f3rzy doskonale ju\u017c maj\u0105 do\u015bwiadczenie w \u017ceglarstwie, znajd\u0105 dok\u0142adnie to, czego szukaj\u0105 podczas wypraw\u0119 Berlin-Odra. Charakter wyprawy, mieszanka wielkomiejskiego Berlina oraz w&#8230; <a class=\"view-article\" href=\"https:\/\/www.berlin-oder-umfahrt.de\/pl\/\">View Article<\/a>","protected":false},"author":1,"featured_media":0,"parent":0,"menu_order":0,"comment_status":"closed","ping_status":"closed","template":"","meta":{"_acf_changed":false,"om_disable_all_campaigns":false,"_monsterinsights_skip_tracking":false,"_monsterinsights_sitenote_active":false,"_monsterinsights_sitenote_note":"","_monsterinsights_sitenote_category":0,"_uf_show_specific_survey":0,"_uf_disable_surveys":false,"footnotes":""},"translation":{"provider":"WPGlobus","version":"2.12.2","language":"pl","enabled_languages":["de","en","pl"],"languages":{"de":{"title":true,"content":true,"excerpt":false},"en":{"title":true,"content":true,"excerpt":false},"pl":{"title":true,"content":true,"excerpt":false}}},"acf":[],"aioseo_notices":[],"_links":{"self":[{"href":"https:\/\/www.berlin-oder-umfahrt.de\/pl\/wp-json\/wp\/v2\/pages\/5"}],"collection":[{"href":"https:\/\/www.berlin-oder-umfahrt.de\/pl\/wp-json\/wp\/v2\/pages"}],"about":[{"href":"https:\/\/www.berlin-oder-umfahrt.de\/pl\/wp-json\/wp\/v2\/types\/page"}],"author":[{"embeddable":true,"href":"https:\/\/www.berlin-oder-umfahrt.de\/pl\/wp-json\/wp\/v2\/users\/1"}],"replies":[{"embeddable":true,"href":"https:\/\/www.berlin-oder-umfahrt.de\/pl\/wp-json\/wp\/v2\/comments?post=5"}],"version-history":[{"count":16,"href":"https:\/\/www.berlin-oder-umfahrt.de\/pl\/wp-json\/wp\/v2\/pages\/5\/revisions"}],"predecessor-version":[{"id":930,"href":"https:\/\/www.berlin-oder-umfahrt.de\/pl\/wp-json\/wp\/v2\/pages\/5\/revisions\/930"}],"wp:attachment":[{"href":"https:\/\/www.berlin-oder-umfahrt.de\/pl\/wp-json\/wp\/v2\/media?parent=5"}],"curies":[{"name":"wp","href":"https:\/\/api.w.org\/{rel}","templated":true}]}}