{"id":17,"date":"2017-06-06T16:07:16","date_gmt":"2017-06-06T14:07:16","guid":{"rendered":"https:\/\/www.berlin-oder-umfahrt.de\/cms\/?page_id=17"},"modified":"2018-06-15T09:56:03","modified_gmt":"2018-06-15T07:56:03","slug":"informieren","status":"publish","type":"page","link":"https:\/\/www.berlin-oder-umfahrt.de\/pl\/informieren\/","title":{"rendered":"Informacja"},"content":{"rendered":"<div class=\"wpb-content-wrapper\"><p>[vc_row][vc_column][vc_custom_heading text=&#8221;Informacja&#8221; font_container=&#8221;tag:h1|text_align:center&#8221; use_theme_fonts=&#8221;yes&#8221;][vc_column_text]Ten, kto jest gotowy, poza ju\u017c odkrytymi\u00a0 i cz\u0119sto ucz\u0119szczaj\u0105cymi szlakami\u00a0 akwen\u00f3w s\u0142odkowodnych w Niemczech, odkry\u0107 co\u015b nowego i w najlepszym przypadku posiada do\u015bwiadczenie w \u017cegludze, ten na pewno du\u017co zaoszcz\u0119dzi\u00a0 na trasie wycieczki Berlin-Oder.[\/vc_column_text][\/vc_column][\/vc_row]<\/p>\n<\/div>","protected":false},"excerpt":{"rendered":"[vc_row][vc_column][vc_custom_heading text=&#8221;Informacja&#8221; font_container=&#8221;tag:h1|text_align:center&#8221; use_theme_fonts=&#8221;yes&#8221;][vc_column_text]Ten, kto jest gotowy, poza ju\u017c odkrytymi\u00a0 i cz\u0119sto ucz\u0119szczaj\u0105cymi szlakami\u00a0 akwen\u00f3w s\u0142odkowodnych w Niemczech, odkry\u0107 co\u015b nowego i w najlepszym przypadku posiada do\u015bwiadczenie w \u017cegludze, ten na pewno du\u017co zaoszcz\u0119dzi\u00a0 na trasie wycieczki Berlin-Oder.[\/vc_column_text][\/vc_column][\/vc_row]","protected":false},"author":1,"featured_media":0,"parent":0,"menu_order":0,"comment_status":"closed","ping_status":"closed","template":"","meta":{"_acf_changed":false,"om_disable_all_campaigns":false,"_monsterinsights_skip_tracking":false,"_monsterinsights_sitenote_active":false,"_monsterinsights_sitenote_note":"","_monsterinsights_sitenote_category":0,"_uf_show_specific_survey":0,"_uf_disable_surveys":false,"footnotes":""},"translation":{"provider":"WPGlobus","version":"2.12.2","language":"pl","enabled_languages":["de","en","pl"],"languages":{"de":{"title":true,"content":true,"excerpt":false},"en":{"title":true,"content":true,"excerpt":false},"pl":{"title":true,"content":true,"excerpt":false}}},"acf":[],"aioseo_notices":[],"_links":{"self":[{"href":"https:\/\/www.berlin-oder-umfahrt.de\/pl\/wp-json\/wp\/v2\/pages\/17"}],"collection":[{"href":"https:\/\/www.berlin-oder-umfahrt.de\/pl\/wp-json\/wp\/v2\/pages"}],"about":[{"href":"https:\/\/www.berlin-oder-umfahrt.de\/pl\/wp-json\/wp\/v2\/types\/page"}],"author":[{"embeddable":true,"href":"https:\/\/www.berlin-oder-umfahrt.de\/pl\/wp-json\/wp\/v2\/users\/1"}],"replies":[{"embeddable":true,"href":"https:\/\/www.berlin-oder-umfahrt.de\/pl\/wp-json\/wp\/v2\/comments?post=17"}],"version-history":[{"count":6,"href":"https:\/\/www.berlin-oder-umfahrt.de\/pl\/wp-json\/wp\/v2\/pages\/17\/revisions"}],"predecessor-version":[{"id":995,"href":"https:\/\/www.berlin-oder-umfahrt.de\/pl\/wp-json\/wp\/v2\/pages\/17\/revisions\/995"}],"wp:attachment":[{"href":"https:\/\/www.berlin-oder-umfahrt.de\/pl\/wp-json\/wp\/v2\/media?parent=17"}],"curies":[{"name":"wp","href":"https:\/\/api.w.org\/{rel}","templated":true}]}}