{"id":15,"date":"2017-06-06T16:07:02","date_gmt":"2017-06-06T14:07:02","guid":{"rendered":"https:\/\/www.berlin-oder-umfahrt.de\/cms\/?page_id=15"},"modified":"2018-06-26T13:57:18","modified_gmt":"2018-06-26T11:57:18","slug":"essen-trinken","status":"publish","type":"page","link":"https:\/\/www.berlin-oder-umfahrt.de\/pl\/essen-trinken\/","title":{"rendered":"Wy\u017cywienie"},"content":{"rendered":"<div class=\"wpb-content-wrapper\"><p>[vc_row][vc_column][vc_custom_heading text=&#8221;Jedzenie &amp; napoje&#8221; font_container=&#8221;tag:h1|text_align:center&#8221; use_theme_fonts=&#8221;yes&#8221;][vc_column_text]Je\u017celi nie masz ochoty gotowa\u0107, znajdziesz tutaj ogromny wyb\u00f3r kuchni z ca\u0142ego \u015bwiata, kt\u00f3re znajduj\u0105 si,\u0119 w promieniu 2000m od poni\u017cej <a href=\"https:\/\/www.berlin-oder-umfahrt.de\/pl\/anlegen\/\">wyszczeg\u00f3lnionych lokalizacji<\/a>.\u00a0 Od\u00a0 restauracji na statku poprze swojskie jad\u0142odalnie po luksusowe hotelniane restauracje. Maj\u0105 pa\u0144stwo mo\u017cliwo\u015b\u0107 zacumowania przy brzegu i kosztowania w zale\u017cno\u015bci od kulinarnego gustu i grubo\u015bci poprtfela.\u00a0 Wyszczeg\u00f3lnion\u0105 list\u0119 znajd\u0105 pa\u0144stwo <a href=\"https:\/\/www.reiseland-brandenburg.de\/aktivitaeten-erlebnisse\/essen-trinken\/\" target=\"_blank\" rel=\"noopener\">pod tym linkiem<\/a>.[\/vc_column_text][\/vc_column][\/vc_row]<\/p>\n<\/div>","protected":false},"excerpt":{"rendered":"[vc_row][vc_column][vc_custom_heading text=&#8221;Jedzenie &amp; napoje&#8221; font_container=&#8221;tag:h1|text_align:center&#8221; use_theme_fonts=&#8221;yes&#8221;][vc_column_text]Je\u017celi nie masz ochoty gotowa\u0107, znajdziesz tutaj ogromny wyb\u00f3r kuchni z ca\u0142ego \u015bwiata, kt\u00f3re znajduj\u0105 si,\u0119 w promieniu 2000m od poni\u017cej wyszczeg\u00f3lnionych lokalizacji.\u00a0 Od\u00a0 restauracji na statku poprze swojskie jad\u0142odalnie po luksusowe hotelniane restauracje. Maj\u0105 pa\u0144stwo mo\u017cliwo\u015b\u0107 zacumowania przy brzegu i kosztowania w zale\u017cno\u015bci od kulinarnego gustu i grubo\u015bci poprtfela.\u00a0&#8230; <a class=\"view-article\" href=\"https:\/\/www.berlin-oder-umfahrt.de\/pl\/essen-trinken\/\">View Article<\/a>","protected":false},"author":1,"featured_media":0,"parent":0,"menu_order":0,"comment_status":"closed","ping_status":"closed","template":"","meta":{"_acf_changed":false,"om_disable_all_campaigns":false,"_monsterinsights_skip_tracking":false,"_monsterinsights_sitenote_active":false,"_monsterinsights_sitenote_note":"","_monsterinsights_sitenote_category":0,"_uf_show_specific_survey":0,"_uf_disable_surveys":false,"footnotes":""},"translation":{"provider":"WPGlobus","version":"2.12.2","language":"pl","enabled_languages":["de","en","pl"],"languages":{"de":{"title":true,"content":true,"excerpt":false},"en":{"title":true,"content":true,"excerpt":false},"pl":{"title":true,"content":true,"excerpt":false}}},"acf":[],"aioseo_notices":[],"_links":{"self":[{"href":"https:\/\/www.berlin-oder-umfahrt.de\/pl\/wp-json\/wp\/v2\/pages\/15"}],"collection":[{"href":"https:\/\/www.berlin-oder-umfahrt.de\/pl\/wp-json\/wp\/v2\/pages"}],"about":[{"href":"https:\/\/www.berlin-oder-umfahrt.de\/pl\/wp-json\/wp\/v2\/types\/page"}],"author":[{"embeddable":true,"href":"https:\/\/www.berlin-oder-umfahrt.de\/pl\/wp-json\/wp\/v2\/users\/1"}],"replies":[{"embeddable":true,"href":"https:\/\/www.berlin-oder-umfahrt.de\/pl\/wp-json\/wp\/v2\/comments?post=15"}],"version-history":[{"count":10,"href":"https:\/\/www.berlin-oder-umfahrt.de\/pl\/wp-json\/wp\/v2\/pages\/15\/revisions"}],"predecessor-version":[{"id":549,"href":"https:\/\/www.berlin-oder-umfahrt.de\/pl\/wp-json\/wp\/v2\/pages\/15\/revisions\/549"}],"wp:attachment":[{"href":"https:\/\/www.berlin-oder-umfahrt.de\/pl\/wp-json\/wp\/v2\/media?parent=15"}],"curies":[{"name":"wp","href":"https:\/\/api.w.org\/{rel}","templated":true}]}}