{"id":13,"date":"2017-06-06T16:06:47","date_gmt":"2017-06-06T14:06:47","guid":{"rendered":"https:\/\/www.berlin-oder-umfahrt.de\/cms\/?page_id=13"},"modified":"2018-06-15T09:37:22","modified_gmt":"2018-06-15T07:37:22","slug":"mieten","status":"publish","type":"page","link":"https:\/\/www.berlin-oder-umfahrt.de\/pl\/mieten\/","title":{"rendered":"Wynajem"},"content":{"rendered":"<div class=\"wpb-content-wrapper\"><p>[vc_row][vc_column][vc_custom_heading text=&#8221;Czarter &amp; wynajem&#8221; font_container=&#8221;tag:h1|text_align:center&#8221; use_theme_fonts=&#8221;yes&#8221;][vc_column_text]Nie posiadaj\u0105 pa\u0144stwo w\u0142asnej \u0142odzi? Maj\u0105 pa\u0144stwo ochot\u0119 podczas przep\u0142ywu na sp\u0142yn\u0105\u0107 kajakiem po kanale albo zbada\u0107 okolic\u0119 na rowerze?\u00a0 \u017baden problem! Oboj\u0119tnie czy rower, kajak, motor , a mo\u017ce jacht. Podczas naszej podr\u00f3\u017cy znajdziecie pa\u0144stwo mn\u00f3stwo czarterowni oraz wypo\u017cyczalni.[\/vc_column_text][\/vc_column][\/vc_row]<\/p>\n<\/div>","protected":false},"excerpt":{"rendered":"[vc_row][vc_column][vc_custom_heading text=&#8221;Czarter &amp; wynajem&#8221; font_container=&#8221;tag:h1|text_align:center&#8221; use_theme_fonts=&#8221;yes&#8221;][vc_column_text]Nie posiadaj\u0105 pa\u0144stwo w\u0142asnej \u0142odzi? Maj\u0105 pa\u0144stwo ochot\u0119 podczas przep\u0142ywu na sp\u0142yn\u0105\u0107 kajakiem po kanale albo zbada\u0107 okolic\u0119 na rowerze?\u00a0 \u017baden problem! Oboj\u0119tnie czy rower, kajak, motor , a mo\u017ce jacht. Podczas naszej podr\u00f3\u017cy znajdziecie pa\u0144stwo mn\u00f3stwo czarterowni oraz wypo\u017cyczalni.[\/vc_column_text][\/vc_column][\/vc_row]","protected":false},"author":1,"featured_media":0,"parent":0,"menu_order":0,"comment_status":"closed","ping_status":"closed","template":"","meta":{"_acf_changed":false,"om_disable_all_campaigns":false,"_monsterinsights_skip_tracking":false,"_monsterinsights_sitenote_active":false,"_monsterinsights_sitenote_note":"","_monsterinsights_sitenote_category":0,"_uf_show_specific_survey":0,"_uf_disable_surveys":false,"footnotes":""},"translation":{"provider":"WPGlobus","version":"2.12.2","language":"pl","enabled_languages":["de","en","pl"],"languages":{"de":{"title":true,"content":true,"excerpt":false},"en":{"title":true,"content":true,"excerpt":false},"pl":{"title":true,"content":true,"excerpt":false}}},"acf":[],"aioseo_notices":[],"_links":{"self":[{"href":"https:\/\/www.berlin-oder-umfahrt.de\/pl\/wp-json\/wp\/v2\/pages\/13"}],"collection":[{"href":"https:\/\/www.berlin-oder-umfahrt.de\/pl\/wp-json\/wp\/v2\/pages"}],"about":[{"href":"https:\/\/www.berlin-oder-umfahrt.de\/pl\/wp-json\/wp\/v2\/types\/page"}],"author":[{"embeddable":true,"href":"https:\/\/www.berlin-oder-umfahrt.de\/pl\/wp-json\/wp\/v2\/users\/1"}],"replies":[{"embeddable":true,"href":"https:\/\/www.berlin-oder-umfahrt.de\/pl\/wp-json\/wp\/v2\/comments?post=13"}],"version-history":[{"count":7,"href":"https:\/\/www.berlin-oder-umfahrt.de\/pl\/wp-json\/wp\/v2\/pages\/13\/revisions"}],"predecessor-version":[{"id":836,"href":"https:\/\/www.berlin-oder-umfahrt.de\/pl\/wp-json\/wp\/v2\/pages\/13\/revisions\/836"}],"wp:attachment":[{"href":"https:\/\/www.berlin-oder-umfahrt.de\/pl\/wp-json\/wp\/v2\/media?parent=13"}],"curies":[{"name":"wp","href":"https:\/\/api.w.org\/{rel}","templated":true}]}}