{"id":11,"date":"2017-06-06T16:06:35","date_gmt":"2017-06-06T14:06:35","guid":{"rendered":"https:\/\/www.berlin-oder-umfahrt.de\/cms\/?page_id=11"},"modified":"2018-06-15T09:32:41","modified_gmt":"2018-06-15T07:32:41","slug":"anlegen","status":"publish","type":"page","link":"https:\/\/www.berlin-oder-umfahrt.de\/pl\/anlegen\/","title":{"rendered":"Przystanki"},"content":{"rendered":"<div class=\"wpb-content-wrapper\"><p>[vc_row][vc_column][vc_custom_heading text=&#8221;Przystanki &amp; Odpoczynek&#8221; font_container=&#8221;tag:h1|text_align:center&#8221; use_theme_fonts=&#8221;yes&#8221;][vc_column_text]Na d\u0142ugo\u015bci ca\u0142ego objazdu maj\u0105 pa\u0144stwo mo\u017cliwo\u015b\u0107 przystanku w nowocze\u015bnie wyposa\u017conych przystaniach portowych. List\u0119 wszystkich przystani i port\u00f3w po\u0142o\u017conych w pobli\u017cu trasy objazdu , znajd\u0105 pa\u0144stwo w folderze \u201ePorty &amp;Odpoczynekw podr\u00f3\u017cy\u201d. Je\u017celi maj\u0105 pa\u0144stwo ochot\u0119 na ma\u0142\u0105 wycieczk\u0119 po pobliskich akwenach, wszytskie informacje uzyskacie pa\u0144stwo <a href=\"https:\/\/www.reiseland-brandenburg.de\/aktivitaeten-erlebnisse\/wasserwelten\/hausboot\/marinas-und-liegeplaetze\/\" target=\"_blank\" rel=\"noopener\">pod tym linkiem<\/a>.[\/vc_column_text][\/vc_column][\/vc_row]<\/p>\n<\/div>","protected":false},"excerpt":{"rendered":"[vc_row][vc_column][vc_custom_heading text=&#8221;Przystanki &amp; Odpoczynek&#8221; font_container=&#8221;tag:h1|text_align:center&#8221; use_theme_fonts=&#8221;yes&#8221;][vc_column_text]Na d\u0142ugo\u015bci ca\u0142ego objazdu maj\u0105 pa\u0144stwo mo\u017cliwo\u015b\u0107 przystanku w nowocze\u015bnie wyposa\u017conych przystaniach portowych. List\u0119 wszystkich przystani i port\u00f3w po\u0142o\u017conych w pobli\u017cu trasy objazdu , znajd\u0105 pa\u0144stwo w folderze \u201ePorty &amp;Odpoczynekw podr\u00f3\u017cy\u201d. Je\u017celi maj\u0105 pa\u0144stwo ochot\u0119 na ma\u0142\u0105 wycieczk\u0119 po pobliskich akwenach, wszytskie informacje uzyskacie pa\u0144stwo pod tym linkiem.[\/vc_column_text][\/vc_column][\/vc_row]","protected":false},"author":1,"featured_media":0,"parent":0,"menu_order":0,"comment_status":"closed","ping_status":"closed","template":"","meta":{"_acf_changed":false,"om_disable_all_campaigns":false,"_monsterinsights_skip_tracking":false,"_monsterinsights_sitenote_active":false,"_monsterinsights_sitenote_note":"","_monsterinsights_sitenote_category":0,"_uf_show_specific_survey":0,"_uf_disable_surveys":false,"footnotes":""},"translation":{"provider":"WPGlobus","version":"2.12.2","language":"pl","enabled_languages":["de","en","pl"],"languages":{"de":{"title":true,"content":true,"excerpt":false},"en":{"title":true,"content":true,"excerpt":false},"pl":{"title":true,"content":true,"excerpt":false}}},"acf":[],"aioseo_notices":[],"_links":{"self":[{"href":"https:\/\/www.berlin-oder-umfahrt.de\/pl\/wp-json\/wp\/v2\/pages\/11"}],"collection":[{"href":"https:\/\/www.berlin-oder-umfahrt.de\/pl\/wp-json\/wp\/v2\/pages"}],"about":[{"href":"https:\/\/www.berlin-oder-umfahrt.de\/pl\/wp-json\/wp\/v2\/types\/page"}],"author":[{"embeddable":true,"href":"https:\/\/www.berlin-oder-umfahrt.de\/pl\/wp-json\/wp\/v2\/users\/1"}],"replies":[{"embeddable":true,"href":"https:\/\/www.berlin-oder-umfahrt.de\/pl\/wp-json\/wp\/v2\/comments?post=11"}],"version-history":[{"count":13,"href":"https:\/\/www.berlin-oder-umfahrt.de\/pl\/wp-json\/wp\/v2\/pages\/11\/revisions"}],"predecessor-version":[{"id":1003,"href":"https:\/\/www.berlin-oder-umfahrt.de\/pl\/wp-json\/wp\/v2\/pages\/11\/revisions\/1003"}],"wp:attachment":[{"href":"https:\/\/www.berlin-oder-umfahrt.de\/pl\/wp-json\/wp\/v2\/media?parent=11"}],"curies":[{"name":"wp","href":"https:\/\/api.w.org\/{rel}","templated":true}]}}